{"id":1243,"date":"2017-10-01T14:45:29","date_gmt":"2017-10-01T14:45:29","guid":{"rendered":"http:\/\/www.gasserdaniel.ch\/?page_id=1243"},"modified":"2024-03-25T18:26:56","modified_gmt":"2024-03-25T18:26:56","slug":"arrangements","status":"publish","type":"page","link":"http:\/\/www.gasserdaniel.ch\/?page_id=1243","title":{"rendered":"Arrangements"},"content":{"rendered":"<p>Seit \u00fcber dreissig Jahren schreibe ich regelm\u00e4ssig f\u00fcr verschiedenste Formationen.<\/p>\n<p>Nebst verschiedenen Guggenmusigen wie aktuell N\u00e4belh\u00fc\u00fcler, Sonnech\u00f6bler, R\u00fcssgosler, Monstergugger, Oktavechratzer oder Alti Garde schreibe ich auch f\u00fcr kleinere Formationen wie UKW, Voil\u00e0, N\u00e4-\u00e4, Klartext oder H\u00e4rzbluet.<\/p>\n<p>Bei Interesse einfach per Mail melden: info@gasserdaniel.ch<\/p>\n<p>Hier eine Auswahl aktueller Arrangements als H\u00f6rbeispiele:<\/p>\n\n\n<figure class=\"wp-block-audio\"><audio controls src=\"http:\/\/www.gasserdaniel.ch\/wp-content\/uploads\/2024\/03\/Standing-Gesamtversion.mp3\"><\/audio><figcaption class=\"wp-element-caption\">I&#8217;m still standing &#8211; Elton John<\/figcaption><\/figure>\n\n\n\n<figure class=\"wp-block-audio\"><audio controls src=\"http:\/\/www.gasserdaniel.ch\/wp-content\/uploads\/2024\/03\/Say-you-will-Gesamtversion.mp3\"><\/audio><figcaption class=\"wp-element-caption\">Say you will &#8211; Foreigner<\/figcaption><\/figure>\n\n\n\n<figure class=\"wp-block-audio\"><audio controls src=\"http:\/\/www.gasserdaniel.ch\/wp-content\/uploads\/2024\/03\/Beautiful-Day-Gesamtversion.mp3\"><\/audio><figcaption class=\"wp-element-caption\">It&#8217;s a beautiful day &#8211; Michael Bubl\u00e9<\/figcaption><\/figure>\n\n\n\n<figure class=\"wp-block-audio\"><audio controls src=\"http:\/\/www.gasserdaniel.ch\/wp-content\/uploads\/2024\/03\/Just-a-Gigolo-Gesamtversion.mp3\"><\/audio><figcaption class=\"wp-element-caption\">Just a Gigolo &#8211; David Lee Roth<\/figcaption><\/figure>\n\n\n\n<figure class=\"wp-block-audio\"><audio controls src=\"http:\/\/www.gasserdaniel.ch\/wp-content\/uploads\/2024\/03\/1-Synchronicity-1.mp3\"><\/audio><figcaption class=\"wp-element-caption\">Synchronicity I &#8211; The Police<\/figcaption><\/figure>\n\n\n\n<figure class=\"wp-block-audio\"><audio controls src=\"http:\/\/www.gasserdaniel.ch\/wp-content\/uploads\/2024\/03\/8-Paradise-City.mp3\"><\/audio><figcaption class=\"wp-element-caption\">Paradise City &#8211; Guns n&#8216; roses<\/figcaption><\/figure>\n\n\n\n<figure class=\"wp-block-audio\"><audio controls src=\"http:\/\/www.gasserdaniel.ch\/wp-content\/uploads\/2024\/03\/4-Gabriellas-Song.mp3\"><\/audio><figcaption class=\"wp-element-caption\">Gabriellas Song &#8211; Stefan Nilsson<\/figcaption><\/figure>\n\n\n\n<figure class=\"wp-block-audio\"><audio controls src=\"http:\/\/www.gasserdaniel.ch\/wp-content\/uploads\/2024\/03\/6-Unnatrual-Selection.mp3\"><\/audio><figcaption class=\"wp-element-caption\">Unnatural Selection &#8211; Muse<\/figcaption><\/figure>\n","protected":false},"excerpt":{"rendered":"<p>Seit \u00fcber dreissig Jahren schreibe ich regelm\u00e4ssig f\u00fcr verschiedenste Formationen. Nebst verschiedenen Guggenmusigen wie aktuell N\u00e4belh\u00fc\u00fcler, Sonnech\u00f6bler, R\u00fcssgosler, Monstergugger, Oktavechratzer oder Alti Garde schreibe ich auch f\u00fcr kleinere Formationen wie UKW, Voil\u00e0, N\u00e4-\u00e4, Klartext oder H\u00e4rzbluet. Bei Interesse einfach per &hellip; <a href=\"http:\/\/www.gasserdaniel.ch\/?page_id=1243\">Weiterlesen <span class=\"meta-nav\">&rarr;<\/span><\/a><\/p>\n","protected":false},"author":1,"featured_media":2012,"parent":0,"menu_order":5,"comment_status":"closed","ping_status":"closed","template":"","meta":{"footnotes":""},"class_list":["post-1243","page","type-page","status-publish","has-post-thumbnail","hentry"],"_links":{"self":[{"href":"http:\/\/www.gasserdaniel.ch\/index.php?rest_route=\/wp\/v2\/pages\/1243","targetHints":{"allow":["GET"]}}],"collection":[{"href":"http:\/\/www.gasserdaniel.ch\/index.php?rest_route=\/wp\/v2\/pages"}],"about":[{"href":"http:\/\/www.gasserdaniel.ch\/index.php?rest_route=\/wp\/v2\/types\/page"}],"author":[{"embeddable":true,"href":"http:\/\/www.gasserdaniel.ch\/index.php?rest_route=\/wp\/v2\/users\/1"}],"replies":[{"embeddable":true,"href":"http:\/\/www.gasserdaniel.ch\/index.php?rest_route=%2Fwp%2Fv2%2Fcomments&post=1243"}],"version-history":[{"count":47,"href":"http:\/\/www.gasserdaniel.ch\/index.php?rest_route=\/wp\/v2\/pages\/1243\/revisions"}],"predecessor-version":[{"id":2013,"href":"http:\/\/www.gasserdaniel.ch\/index.php?rest_route=\/wp\/v2\/pages\/1243\/revisions\/2013"}],"wp:featuredmedia":[{"embeddable":true,"href":"http:\/\/www.gasserdaniel.ch\/index.php?rest_route=\/wp\/v2\/media\/2012"}],"wp:attachment":[{"href":"http:\/\/www.gasserdaniel.ch\/index.php?rest_route=%2Fwp%2Fv2%2Fmedia&parent=1243"}],"curies":[{"name":"wp","href":"https:\/\/api.w.org\/{rel}","templated":true}]}}